{"id":392,"date":"2018-07-26T07:17:24","date_gmt":"2018-07-26T07:17:24","guid":{"rendered":"http:\/\/lmsdemo.loc\/lms-white\/?page_id=392"},"modified":"2022-04-19T11:23:05","modified_gmt":"2022-04-19T11:23:05","slug":"about-us","status":"publish","type":"page","link":"https:\/\/sagalearningprogramme.eu\/es\/about-us\/","title":{"rendered":"Sobre nosotros"},"content":{"rendered":"<div data-elementor-type=\"wp-page\" data-elementor-id=\"392\" class=\"elementor elementor-392\">\n\t\t\t\t\t\t<section class=\"elementor-section elementor-top-section elementor-element elementor-element-8c5443d elementor-section-stretched elementor-section-boxed elementor-section-height-default elementor-section-height-default\" data-id=\"8c5443d\" data-element_type=\"section\" data-e-type=\"section\" data-settings=\"{&quot;background_background&quot;:&quot;classic&quot;,&quot;stretch_section&quot;:&quot;section-stretched&quot;}\">\n\t\t\t\t\t\t<div class=\"elementor-container elementor-column-gap-default\">\n\t\t\t\t\t<div class=\"elementor-column elementor-col-50 elementor-top-column elementor-element elementor-element-8c5508f\" data-id=\"8c5508f\" data-element_type=\"column\" data-e-type=\"column\">\n\t\t\t<div class=\"elementor-widget-wrap elementor-element-populated\">\n\t\t\t\t\t\t<div class=\"elementor-element elementor-element-8c55922 elementor-widget elementor-widget-vc_custom_heading\" data-id=\"8c55922\" data-element_type=\"widget\" data-e-type=\"widget\" data-widget_type=\"vc_custom_heading.default\">\n\t\t\t\t<div class=\"elementor-widget-container\">\n\t\t\t\t\t<div class=\"vc_custom_heading  masterstudy_heading_font  text_align_left\" ><h2 style=\"text-align: left;font-weight:400\" class=\"masterstudy-custom-title\">Introducci\u00f3n\n<\/h2><\/div>\t\t\t\t<\/div>\n\t\t\t\t<\/div>\n\t\t\t\t<div class=\"elementor-element elementor-element-8c56456 elementor-widget elementor-widget-text-editor\" data-id=\"8c56456\" data-element_type=\"widget\" data-e-type=\"widget\" data-widget_type=\"text-editor.default\">\n\t\t\t\t<div class=\"elementor-widget-container\">\n\t\t\t\t\t\t\t\t\t<p>El objetivo del programa de formaci\u00f3n SAGA es ofrecer un programa de formaci\u00f3n de calidad adaptado a las necesidades de los adultos de las zonas rurales que representan la llamada \"Europa vac\u00eda\", que les permita adquirir habilidades y competencias para crear una empresa social (colaborativa).<\/p>\n<p>El grupo objetivo de SAGA son las personas que viven en las zonas rurales consideradas \"la Europa vac\u00eda\", con problemas acuciantes como el desempleo y la revitalizaci\u00f3n econ\u00f3mica y social. Una parte importante del grupo objetivo directo del proyecto son aquellas personas que pertenecen a grupos desfavorecidos (ya sea por desventajas sociales, econ\u00f3micas o geogr\u00e1ficas).<\/p>\n\t\t\t\t\t\t\t\t<\/div>\n\t\t\t\t<\/div>\n\t\t\t\t<div class=\"elementor-element elementor-element-8c56a90 elementor-widget elementor-widget-vc_custom_heading\" data-id=\"8c56a90\" data-element_type=\"widget\" data-e-type=\"widget\" data-widget_type=\"vc_custom_heading.default\">\n\t\t\t\t<div class=\"elementor-widget-container\">\n\t\t\t\t\t<div class=\"vc_custom_heading  masterstudy_heading_font  text_align_left\" ><h3 style=\"text-align: left;font-weight:400\" class=\"masterstudy-custom-title\">El proyecto desarrollar\u00e1 3 resultados (IOs)\n<\/h3><\/div>\t\t\t\t<\/div>\n\t\t\t\t<\/div>\n\t\t\t\t<div class=\"elementor-element elementor-element-0f4b366 elementor-icon-list--layout-traditional elementor-list-item-link-full_width elementor-widget elementor-widget-icon-list\" data-id=\"0f4b366\" data-element_type=\"widget\" data-e-type=\"widget\" data-widget_type=\"icon-list.default\">\n\t\t\t\t<div class=\"elementor-widget-container\">\n\t\t\t\t\t\t\t<ul class=\"elementor-icon-list-items\">\n\t\t\t\t\t\t\t<li class=\"elementor-icon-list-item\">\n\t\t\t\t\t\t\t\t\t\t\t<span class=\"elementor-icon-list-icon\">\n\t\t\t\t\t\t\t<i aria-hidden=\"true\" class=\"fas fa-check-circle\"><\/i>\t\t\t\t\t\t<\/span>\n\t\t\t\t\t\t\t\t\t\t<span class=\"elementor-icon-list-text\">O1 SAGA Enfoque de formaci\u00f3n y curr\u00edculo<\/span>\n\t\t\t\t\t\t\t\t\t<\/li>\n\t\t\t\t\t\t\t\t<li class=\"elementor-icon-list-item\">\n\t\t\t\t\t\t\t\t\t\t\t<span class=\"elementor-icon-list-icon\">\n\t\t\t\t\t\t\t<i aria-hidden=\"true\" class=\"fas fa-check-circle\"><\/i>\t\t\t\t\t\t<\/span>\n\t\t\t\t\t\t\t\t\t\t<span class=\"elementor-icon-list-text\">O2 SAGA programa de formaci\u00f3n blended<\/span>\n\t\t\t\t\t\t\t\t\t<\/li>\n\t\t\t\t\t\t\t\t<li class=\"elementor-icon-list-item\">\n\t\t\t\t\t\t\t\t\t\t\t<span class=\"elementor-icon-list-icon\">\n\t\t\t\t\t\t\t<i aria-hidden=\"true\" class=\"fas fa-check-circle\"><\/i>\t\t\t\t\t\t<\/span>\n\t\t\t\t\t\t\t\t\t\t<span class=\"elementor-icon-list-text\">O3 SAGA Gu\u00eda de experiencias y formaci\u00f3n<\/span>\n\t\t\t\t\t\t\t\t\t<\/li>\n\t\t\t\t\t\t<\/ul>\n\t\t\t\t\t\t<\/div>\n\t\t\t\t<\/div>\n\t\t\t\t<div class=\"elementor-element elementor-element-8c5732a elementor-widget elementor-widget-image\" data-id=\"8c5732a\" data-element_type=\"widget\" data-e-type=\"widget\" data-widget_type=\"image.default\">\n\t\t\t\t<div class=\"elementor-widget-container\">\n\t\t\t\t\t\t\t\t\t\t\t\t\t\t\t<img fetchpriority=\"high\" decoding=\"async\" width=\"850\" height=\"505\" src=\"https:\/\/sagalearningprogramme.eu\/wp-content\/uploads\/2022\/04\/275435184_170637175295845_3221580998829800298_n.png\" class=\"attachment-large size-large wp-image-6540\" alt=\"\" srcset=\"https:\/\/sagalearningprogramme.eu\/wp-content\/uploads\/2022\/04\/275435184_170637175295845_3221580998829800298_n.png 850w, https:\/\/sagalearningprogramme.eu\/wp-content\/uploads\/2022\/04\/275435184_170637175295845_3221580998829800298_n-300x178.png 300w, https:\/\/sagalearningprogramme.eu\/wp-content\/uploads\/2022\/04\/275435184_170637175295845_3221580998829800298_n-768x456.png 768w, https:\/\/sagalearningprogramme.eu\/wp-content\/uploads\/2022\/04\/275435184_170637175295845_3221580998829800298_n-18x12.png 18w, https:\/\/sagalearningprogramme.eu\/wp-content\/uploads\/2022\/04\/275435184_170637175295845_3221580998829800298_n-600x356.png 600w\" sizes=\"(max-width: 850px) 100vw, 850px\" \/>\t\t\t\t\t\t\t\t\t\t\t\t\t\t\t<\/div>\n\t\t\t\t<\/div>\n\t\t\t\t\t<\/div>\n\t\t<\/div>\n\t\t\t\t<div class=\"elementor-column elementor-col-50 elementor-top-column elementor-element elementor-element-8c598db\" data-id=\"8c598db\" data-element_type=\"column\" data-e-type=\"column\">\n\t\t\t<div class=\"elementor-widget-wrap elementor-element-populated\">\n\t\t\t\t\t\t<div class=\"elementor-element elementor-element-8c5a16a elementor-widget elementor-widget-image\" data-id=\"8c5a16a\" data-element_type=\"widget\" data-e-type=\"widget\" data-widget_type=\"image.default\">\n\t\t\t\t<div class=\"elementor-widget-container\">\n\t\t\t\t\t\t\t\t\t\t\t\t\t\t\t<img decoding=\"async\" width=\"996\" height=\"360\" src=\"https:\/\/sagalearningprogramme.eu\/wp-content\/uploads\/2022\/01\/saga_logo-996x360.png\" class=\"attachment-large size-large wp-image-5458\" alt=\"\" srcset=\"https:\/\/sagalearningprogramme.eu\/wp-content\/uploads\/2022\/01\/saga_logo-996x360.png 996w, https:\/\/sagalearningprogramme.eu\/wp-content\/uploads\/2022\/01\/saga_logo-600x217.png 600w, https:\/\/sagalearningprogramme.eu\/wp-content\/uploads\/2022\/01\/saga_logo-300x108.png 300w, https:\/\/sagalearningprogramme.eu\/wp-content\/uploads\/2022\/01\/saga_logo-768x278.png 768w, https:\/\/sagalearningprogramme.eu\/wp-content\/uploads\/2022\/01\/saga_logo-18x7.png 18w, https:\/\/sagalearningprogramme.eu\/wp-content\/uploads\/2022\/01\/saga_logo-468x169.png 468w, https:\/\/sagalearningprogramme.eu\/wp-content\/uploads\/2022\/01\/saga_logo.png 999w\" sizes=\"(max-width: 996px) 100vw, 996px\" \/>\t\t\t\t\t\t\t\t\t\t\t\t\t\t\t<\/div>\n\t\t\t\t<\/div>\n\t\t\t\t<div class=\"elementor-element elementor-element-f763e2b elementor-widget elementor-widget-vc_custom_heading\" data-id=\"f763e2b\" data-element_type=\"widget\" data-e-type=\"widget\" data-widget_type=\"vc_custom_heading.default\">\n\t\t\t\t<div class=\"elementor-widget-container\">\n\t\t\t\t\t<div class=\"vc_custom_heading  masterstudy_heading_font  text_align_left\" ><h3 style=\"text-align: left;font-weight:400\" class=\"masterstudy-custom-title\">Las actividades que conducen al resultado O1 son:\n<\/h3><\/div>\t\t\t\t<\/div>\n\t\t\t\t<\/div>\n\t\t\t\t<div class=\"elementor-element elementor-element-6ab28cd elementor-icon-list--layout-traditional elementor-list-item-link-full_width elementor-widget elementor-widget-icon-list\" data-id=\"6ab28cd\" data-element_type=\"widget\" data-e-type=\"widget\" data-widget_type=\"icon-list.default\">\n\t\t\t\t<div class=\"elementor-widget-container\">\n\t\t\t\t\t\t\t<ul class=\"elementor-icon-list-items\">\n\t\t\t\t\t\t\t<li class=\"elementor-icon-list-item\">\n\t\t\t\t\t\t\t\t\t\t\t<span class=\"elementor-icon-list-icon\">\n\t\t\t\t\t\t\t<i aria-hidden=\"true\" class=\"fas fa-check-circle\"><\/i>\t\t\t\t\t\t<\/span>\n\t\t\t\t\t\t\t\t\t\t<span class=\"elementor-icon-list-text\">O1\/A1 Enfoque metodol\u00f3gico para el dise\u00f1o del curr\u00edculo<\/span>\n\t\t\t\t\t\t\t\t\t<\/li>\n\t\t\t\t\t\t\t\t<li class=\"elementor-icon-list-item\">\n\t\t\t\t\t\t\t\t\t\t\t<span class=\"elementor-icon-list-icon\">\n\t\t\t\t\t\t\t<i aria-hidden=\"true\" class=\"fas fa-check-circle\"><\/i>\t\t\t\t\t\t<\/span>\n\t\t\t\t\t\t\t\t\t\t<span class=\"elementor-icon-list-text\">O1\/A2 Mapeo de casos de estudio<\/span>\n\t\t\t\t\t\t\t\t\t<\/li>\n\t\t\t\t\t\t\t\t<li class=\"elementor-icon-list-item\">\n\t\t\t\t\t\t\t\t\t\t\t<span class=\"elementor-icon-list-icon\">\n\t\t\t\t\t\t\t<i aria-hidden=\"true\" class=\"fas fa-check-circle\"><\/i>\t\t\t\t\t\t<\/span>\n\t\t\t\t\t\t\t\t\t\t<span class=\"elementor-icon-list-text\">O1\/A3 Marco de habilidades y competencias<\/span>\n\t\t\t\t\t\t\t\t\t<\/li>\n\t\t\t\t\t\t\t\t<li class=\"elementor-icon-list-item\">\n\t\t\t\t\t\t\t\t\t\t\t<span class=\"elementor-icon-list-icon\">\n\t\t\t\t\t\t\t<i aria-hidden=\"true\" class=\"fas fa-check-circle\"><\/i>\t\t\t\t\t\t<\/span>\n\t\t\t\t\t\t\t\t\t\t<span class=\"elementor-icon-list-text\">O1\/A4 Mapeo del panorama formativo<\/span>\n\t\t\t\t\t\t\t\t\t<\/li>\n\t\t\t\t\t\t\t\t<li class=\"elementor-icon-list-item\">\n\t\t\t\t\t\t\t\t\t\t\t<span class=\"elementor-icon-list-icon\">\n\t\t\t\t\t\t\t<i aria-hidden=\"true\" class=\"fas fa-check-circle\"><\/i>\t\t\t\t\t\t<\/span>\n\t\t\t\t\t\t\t\t\t\t<span class=\"elementor-icon-list-text\">O1\/A5 SAGA learning approach &amp; curriculum<\/span>\n\t\t\t\t\t\t\t\t\t<\/li>\n\t\t\t\t\t\t<\/ul>\n\t\t\t\t\t\t<\/div>\n\t\t\t\t<\/div>\n\t\t\t\t<div class=\"elementor-element elementor-element-3e1f110 elementor-widget elementor-widget-text-editor\" data-id=\"3e1f110\" data-element_type=\"widget\" data-e-type=\"widget\" data-widget_type=\"text-editor.default\">\n\t\t\t\t<div class=\"elementor-widget-container\">\n\t\t\t\t\t\t\t\t\t<p>El enfoque de formaci\u00f3n y el plan de estudios de SAGA pueden servir de base para el resto del proyecto, ya que desarroll\u00f3 el enfoque general de formaci\u00f3n, los objetivos de aprendizaje, la matriz de habilidades y competencias, el plan de estudios y los m\u00e9todos de evaluaci\u00f3n basados en un an\u00e1lisis fundamentado en pruebas y en la investigaci\u00f3n en relaci\u00f3n con las habilidades y competencias b\u00e1sicas. Durante la investigaci\u00f3n preliminar analizamos el contexto del proyecto y buscamos en los pa\u00edses participantes ejemplos relevantes de empresas sociales en el sector alimentario, gastron\u00f3mico y culinario al que nos dirigimos, y mapeamos el panorama de la formaci\u00f3n existente.<\/p>\n<p>El enfoque SAGA, la matriz de competencias, el plan de estudios y el m\u00e9todo de evaluaci\u00f3n pueden transferirse a cualquier otro entorno de formaci\u00f3n o educativo en el que los temas identificados y la necesidad de la empresa social (colaborativa) sean evidentes. Se puede transferir a entornos educativos m\u00e1s formales, donde los temas en cuesti\u00f3n son relevantes, por ejemplo, la cocreaci\u00f3n, el compartir y las habilidades de colaboraci\u00f3n podr\u00edan ofrecerse como parte de la educaci\u00f3n y la formaci\u00f3n para el futuro personal o los empresarios en los sectores objetivo, por ejemplo, la hosteler\u00eda, la gastronom\u00eda, la producci\u00f3n de alimentos, el turismo, etc. Esto puede ser tanto en los niveles de formaci\u00f3n profesional como en los de educaci\u00f3n superior.<\/p>\n\t\t\t\t\t\t\t\t<\/div>\n\t\t\t\t<\/div>\n\t\t\t\t\t<\/div>\n\t\t<\/div>\n\t\t\t\t\t<\/div>\n\t\t<\/section>\n\t\t\t\t<\/div>","protected":false},"excerpt":{"rendered":"<p>Introduction SAGA offers a learning programme tailored to the needs of adults in rural areas which represents the so-called \u201cEmpty Europe\u201d, and provide them with quality training that allows them to acquire skills and competences to set up a (collaborative) social enterprise. SAGA\u00b4s target group are those living in rural areas considered \u201cEmpty Europe\u201d, with [&hellip;]<\/p>\n","protected":false},"author":1,"featured_media":0,"parent":0,"menu_order":0,"comment_status":"closed","ping_status":"closed","template":"","meta":{"footnotes":""},"class_list":["post-392","page","type-page","status-publish","hentry"],"_links":{"self":[{"href":"https:\/\/sagalearningprogramme.eu\/es\/wp-json\/wp\/v2\/pages\/392","targetHints":{"allow":["GET"]}}],"collection":[{"href":"https:\/\/sagalearningprogramme.eu\/es\/wp-json\/wp\/v2\/pages"}],"about":[{"href":"https:\/\/sagalearningprogramme.eu\/es\/wp-json\/wp\/v2\/types\/page"}],"author":[{"embeddable":true,"href":"https:\/\/sagalearningprogramme.eu\/es\/wp-json\/wp\/v2\/users\/1"}],"replies":[{"embeddable":true,"href":"https:\/\/sagalearningprogramme.eu\/es\/wp-json\/wp\/v2\/comments?post=392"}],"version-history":[{"count":10,"href":"https:\/\/sagalearningprogramme.eu\/es\/wp-json\/wp\/v2\/pages\/392\/revisions"}],"predecessor-version":[{"id":6546,"href":"https:\/\/sagalearningprogramme.eu\/es\/wp-json\/wp\/v2\/pages\/392\/revisions\/6546"}],"wp:attachment":[{"href":"https:\/\/sagalearningprogramme.eu\/es\/wp-json\/wp\/v2\/media?parent=392"}],"curies":[{"name":"wp","href":"https:\/\/api.w.org\/{rel}","templated":true}]}}