{"id":6394,"date":"2022-04-19T07:35:12","date_gmt":"2022-04-19T07:35:12","guid":{"rendered":"https:\/\/sagalearningprogramme.eu\/?page_id=6394"},"modified":"2022-04-19T07:41:56","modified_gmt":"2022-04-19T07:41:56","slug":"module-4","status":"publish","type":"page","link":"https:\/\/sagalearningprogramme.eu\/nl\/module-4\/","title":{"rendered":"MODULE 4"},"content":{"rendered":"<div data-elementor-type=\"wp-page\" data-elementor-id=\"6394\" class=\"elementor elementor-6394\">\n\t\t\t\t\t\t<section class=\"elementor-section elementor-top-section elementor-element elementor-element-67e22775 elementor-section-boxed elementor-section-height-default elementor-section-height-default\" data-id=\"67e22775\" data-element_type=\"section\" data-e-type=\"section\">\n\t\t\t\t\t\t<div class=\"elementor-container elementor-column-gap-default\">\n\t\t\t\t\t<div class=\"elementor-column elementor-col-100 elementor-top-column elementor-element elementor-element-22b59fee\" data-id=\"22b59fee\" data-element_type=\"column\" data-e-type=\"column\">\n\t\t\t<div class=\"elementor-widget-wrap elementor-element-populated\">\n\t\t\t\t\t\t<div class=\"elementor-element elementor-element-2e8f458c elementor-widget elementor-widget-heading\" data-id=\"2e8f458c\" data-element_type=\"widget\" data-e-type=\"widget\" data-widget_type=\"heading.default\">\n\t\t\t\t<div class=\"elementor-widget-container\">\n\t\t\t\t\t<h2 class=\"elementor-heading-title elementor-size-default\">UNIT 1<\/h2>\t\t\t\t<\/div>\n\t\t\t\t<\/div>\n\t\t\t\t<div class=\"elementor-element elementor-element-0046b61 elementor-widget elementor-widget-image\" data-id=\"0046b61\" data-element_type=\"widget\" data-e-type=\"widget\" data-widget_type=\"image.default\">\n\t\t\t\t<div class=\"elementor-widget-container\">\n\t\t\t\t\t\t\t\t\t\t\t\t\t\t\t<img fetchpriority=\"high\" decoding=\"async\" width=\"303\" height=\"303\" src=\"https:\/\/sagalearningprogramme.eu\/wp-content\/uploads\/2022\/03\/M4_U1_img1.jpg\" class=\"attachment-large size-large wp-image-6226\" alt=\"\" srcset=\"https:\/\/sagalearningprogramme.eu\/wp-content\/uploads\/2022\/03\/M4_U1_img1.jpg 303w, https:\/\/sagalearningprogramme.eu\/wp-content\/uploads\/2022\/03\/M4_U1_img1-300x300.jpg 300w, https:\/\/sagalearningprogramme.eu\/wp-content\/uploads\/2022\/03\/M4_U1_img1-100x100.jpg 100w, https:\/\/sagalearningprogramme.eu\/wp-content\/uploads\/2022\/03\/M4_U1_img1-150x150.jpg 150w, https:\/\/sagalearningprogramme.eu\/wp-content\/uploads\/2022\/03\/M4_U1_img1-12x12.jpg 12w, https:\/\/sagalearningprogramme.eu\/wp-content\/uploads\/2022\/03\/M4_U1_img1-75x75.jpg 75w, https:\/\/sagalearningprogramme.eu\/wp-content\/uploads\/2022\/03\/M4_U1_img1-129x129.jpg 129w, https:\/\/sagalearningprogramme.eu\/wp-content\/uploads\/2022\/03\/M4_U1_img1-69x69.jpg 69w\" sizes=\"(max-width: 303px) 100vw, 303px\" \/>\t\t\t\t\t\t\t\t\t\t\t\t\t\t\t<\/div>\n\t\t\t\t<\/div>\n\t\t\t\t<div class=\"elementor-element elementor-element-24ed7b2 elementor-widget elementor-widget-text-editor\" data-id=\"24ed7b2\" data-element_type=\"widget\" data-e-type=\"widget\" data-widget_type=\"text-editor.default\">\n\t\t\t\t<div class=\"elementor-widget-container\">\n\t\t\t\t\t\t\t\t\t<p><strong>C\u00e1ceres para Comerselo<\/strong><\/p>\n<p>C\u00e1ceres para Com\u00e9rselo is een micro-onderneming van minder dan 10 werknemers die als co\u00f6peratie optreedt. Ze hebben 6 - 10 jaar ervaring in de sectoren: landbouw, bosbouw en visserij, agrovoeding, toerisme, gastronomie, levensmiddelendetailhandel en culinaire kunsten, amusement en kunst. Hierdoor biedt het bedrijf een breed scala aan diensten aan op regionaal niveau (d.w.z. in Extremadura), waaronder het volgende:<\/p>\n<ul>\n<li>Cateringdiensten<\/li>\n<li>Voedingsproducten<\/li>\n<li>Foodservice<\/li>\n<li>Culinaire producten<\/li>\n<li>Culinaire diensten<\/li>\n<li>Recreatie en vrije tijd.<\/li>\n<\/ul>\n<p>De ACTYVA Co\u00f6peratieve Vereniging is een initiatief dat ontstaan is om productieve, alternatieve en solidaire economieprojecten te vergemakkelijken en de verbindingen tussen leden met hun directe omgeving d.m.v. relaties en uitwisselingen op lokale schaal vanuit Extremadura te reactiveren. C\u00e1ceres para Com\u00e9rselo is een voedselvoorzieningsproject van de lokale co\u00f6peratie ACTYVA. De producten komen rechtstreeks van degenen die ze produceren of verwerken en uit gebieden zo dicht mogelijk bij C\u00e1ceres met enkele uitzonderingen zoals onverwerkte rietsuiker. Het betreft hier producenten die, na een aantal jaren gericht te zijn geweest op produceren, beheren, vermarkten en distribueren. Het gaat daarbij om kleine producties rechtstreeks voor de consument en gepresenteerd in \u00e9\u00e9n catalogus wat effici\u00ebnter is dan een catalogus van elke deelnemer met behoud van een gezamenlijke filosofie.<\/p>\n<p>Het bedrijf voert regelmatig co-design en co-creatie en\/of verkoop van producten en diensten uit met andere entiteiten, waaronder andere sociale ondernemingen of organisaties, overheden op lokaal\/regionaal niveau, boeren en voedselproducenten, bedrijven of organisaties in de horeca, Non profit organisaties, onderwijsorganisaties en\/of filantropen. De professionele connecties en interacties met de bovengenoemde entiteiten worden mogelijk gemaakt door de deelname van ACTYVA-leden aan forums, offici\u00eble ontmoetingen met andere partners, netwerkevenementen of door hun deelname aan workshops die specifiek zijn ontworpen om samen te (leren)werken en te innoveren.<\/p>\n<p>Vanuit \"C\u00e1ceres para Com\u00e9rselo\" komen geluiden dat de belangrijkste uitdaging is dat de toewijding van het personeel bij de verschillende ACTYVA-projecten niet 100% is, wat het moeilijk maakt om meer samenwerkingsmechanismen te formuleren met verwante belanghebbenden. Als meest relevant voor het succes van dit bedrijf worden de beschikbare middelen in het werkgebied, de mobilisatie en constante betrokkenheid van de juiste belanghebbenden (gemeenschapsleden, externe partners, enz.) genoemd. Het vermogen om zich te concentreren op een bepaald klantensegment waarvoor ze innovatieve producten\/diensten ontwerpen en waarvoor ze extra financi\u00eble middelen wisten aan te trekken, zijn ook bepalend geweest.<\/p>\n<p>Het voordeel van gezamenlijk ondernemen in een ondernemerstraject is een belangrijke drijfveer geweest voor dit initiatief. De oprichter claimt zijn kennis in business en business leiderschap, co-creatie en co-sharing processen onder meer te hebben verworven dankzij de uitwisseling van informatie en ervaringen met collega's\/vrienden (coaching, enz.). Hieruit blijkt dat het nodig is om nieuwe zakenmensen en ondernemers, al dan niet sociaal, op te leiden op het gebied van intern beheer van samenwerkingsprojecten, rekening houdend met de hele waardeketen en vergelijkbare projecten. \"C\u00e1ceres para Com\u00e9rselo\u201d is het eens met het feit dat de steun van de gemeenschap van fundamenteel belang is voor de duurzaamheid van sociale ondernemingen, aangezien het bedrijf niet onafhankelijk en ge\u00efsoleerd van haar gemeenschap zou kunnen gedijen.<\/p>\n\t\t\t\t\t\t\t\t<\/div>\n\t\t\t\t<\/div>\n\t\t\t\t<div class=\"elementor-element elementor-element-b0b8ee4 elementor-widget-divider--view-line elementor-widget elementor-widget-divider\" data-id=\"b0b8ee4\" data-element_type=\"widget\" data-e-type=\"widget\" data-widget_type=\"divider.default\">\n\t\t\t\t<div class=\"elementor-widget-container\">\n\t\t\t\t\t\t\t<div class=\"elementor-divider\">\n\t\t\t<span class=\"elementor-divider-separator\">\n\t\t\t\t\t\t<\/span>\n\t\t<\/div>\n\t\t\t\t\t\t<\/div>\n\t\t\t\t<\/div>\n\t\t\t\t\t<\/div>\n\t\t<\/div>\n\t\t\t\t\t<\/div>\n\t\t<\/section>\n\t\t\t\t<section class=\"elementor-section elementor-top-section elementor-element elementor-element-d420fc5 elementor-section-boxed elementor-section-height-default elementor-section-height-default\" data-id=\"d420fc5\" data-element_type=\"section\" data-e-type=\"section\">\n\t\t\t\t\t\t<div class=\"elementor-container elementor-column-gap-default\">\n\t\t\t\t\t<div class=\"elementor-column elementor-col-100 elementor-top-column elementor-element elementor-element-63f9823\" data-id=\"63f9823\" data-element_type=\"column\" data-e-type=\"column\">\n\t\t\t<div class=\"elementor-widget-wrap elementor-element-populated\">\n\t\t\t\t\t\t<div class=\"elementor-element elementor-element-a52f742 elementor-widget elementor-widget-heading\" data-id=\"a52f742\" data-element_type=\"widget\" data-e-type=\"widget\" data-widget_type=\"heading.default\">\n\t\t\t\t<div class=\"elementor-widget-container\">\n\t\t\t\t\t<h2 class=\"elementor-heading-title elementor-size-default\">UNIT 2<\/h2>\t\t\t\t<\/div>\n\t\t\t\t<\/div>\n\t\t\t\t<div class=\"elementor-element elementor-element-94f9217 elementor-widget elementor-widget-text-editor\" data-id=\"94f9217\" data-element_type=\"widget\" data-e-type=\"widget\" data-widget_type=\"text-editor.default\">\n\t\t\t\t<div class=\"elementor-widget-container\">\n\t\t\t\t\t\t\t\t\t<p>Goed leiderschap is de sleutelfactor voor het succes van een sociale onderneming. Het bevorderen van sociale verandering en waarden, het stellen van doelen, het motiveren van mensen om naar het doel toe te werken, zijn allemaal essenti\u00eble capaciteiten van een leider. In sociale ondernemingen hangt leiderschap samen met ethiek, integriteit en expertise maar ook met empathie en passie. \nEmpathie en passie voor de missie van de organisatie zijn onderscheidende kwaliteiten voor een leider van een sociale onderneming ten opzichte van andere zakelijke of politieke leiders.<\/p>\n<p>De SAGA-casestudy's kunnen perfect illustreren waarom leiderschap belangrijk is in sociale ondernemingen. Het verhaal van het familiebedrijf voor plattelandstoerisme uit Transsylvani\u00eb (Roemeni\u00eb) is \u00e9\u00e9n van de meest levendige voorbeelden van goede leiderschapsvaardigheden. In 2002 kochten ze een stuk land met daarop een traditioneel huis en een schuur. Sindsdien heeft de familie verschillende oude traditionele huizen verkregen in de Ghimes-vallei, waar zij wonen, en ze herbouwd in hun oorspronkelijke vorm waardoor een heel openluchtmuseum (Skanzen) is ontstaan. Hun missie voor het behoud van erfgoed hielp hen goede relaties op te bouwen met de lokale bevolking, wat de toon zette voor verdere samenwerking op lange termijn.<\/p>\n<p>Het openluchtmuseum Skanzen biedt accommodatie, catering en diverse programma's voor bezoekers. Zo kunnen ze het verleden beleven door middel van gastronomie in een traditionele omgeving. Het bedrijf van de familie Sz\u00e1sz is heeft voornamelijk het ondersteunen van de lokale economie door het in dienst hebben van lokale mensen, het gebruik van lokale middelen en samenwerking met lokale leveranciers tot doel. Bovendien betrekken ze systematisch de lokale gemeenschap en bezoekende gasten bij de programma's en evenementen die ze aanbieden in het belang van toekomstige samenwerking en netwerken. Skanzen helpt de lokale bevolking aan een hogere levensstandaard en een betere levenskwaliteit. De familie Sz\u00e1sz zorgt voortdurend voor nieuw werkgelegenheidsperspectief.<\/p>\n<p>Wat maakt de leden van de familie Sz\u00e1sz goede leiders? Hun missie en visie om lokale culturele en traditionele waarden te behouden en tegelijkertijd de leden van de lokale gemeenschap op basis van continu\u00efteit in hun levensonderhoud te voorzien, systeem van waarden en benadering van het leven (duurzame levensstijl familie-toerismebedrijf), goede samenwerkingsvaardigheden , loyaliteit jegens de gemeenschap, veerkracht\/doorzettingsvermogen en creativiteit waren de aanleiding voor hun droom en niet in de laatste plaats hun moed, die hun motivatie voedde. Dit zijn allemaal karaktereigenschappen van een goede leider die kunnen worden geleerd door te oefenen.<\/p>\n\t\t\t\t\t\t\t\t<\/div>\n\t\t\t\t<\/div>\n\t\t\t\t<div class=\"elementor-element elementor-element-02dcfe3 elementor-widget-divider--view-line elementor-widget elementor-widget-divider\" data-id=\"02dcfe3\" data-element_type=\"widget\" data-e-type=\"widget\" data-widget_type=\"divider.default\">\n\t\t\t\t<div class=\"elementor-widget-container\">\n\t\t\t\t\t\t\t<div class=\"elementor-divider\">\n\t\t\t<span class=\"elementor-divider-separator\">\n\t\t\t\t\t\t<\/span>\n\t\t<\/div>\n\t\t\t\t\t\t<\/div>\n\t\t\t\t<\/div>\n\t\t\t\t\t<\/div>\n\t\t<\/div>\n\t\t\t\t\t<\/div>\n\t\t<\/section>\n\t\t\t\t<section class=\"elementor-section elementor-top-section elementor-element elementor-element-c93ea4c elementor-section-boxed elementor-section-height-default elementor-section-height-default\" data-id=\"c93ea4c\" data-element_type=\"section\" data-e-type=\"section\">\n\t\t\t\t\t\t<div class=\"elementor-container elementor-column-gap-default\">\n\t\t\t\t\t<div class=\"elementor-column elementor-col-100 elementor-top-column elementor-element elementor-element-3843533\" data-id=\"3843533\" data-element_type=\"column\" data-e-type=\"column\">\n\t\t\t<div class=\"elementor-widget-wrap elementor-element-populated\">\n\t\t\t\t\t\t<div class=\"elementor-element elementor-element-dc8e025 elementor-widget elementor-widget-heading\" data-id=\"dc8e025\" data-element_type=\"widget\" data-e-type=\"widget\" data-widget_type=\"heading.default\">\n\t\t\t\t<div class=\"elementor-widget-container\">\n\t\t\t\t\t<h2 class=\"elementor-heading-title elementor-size-default\">UNIT 3<\/h2>\t\t\t\t<\/div>\n\t\t\t\t<\/div>\n\t\t\t\t<div class=\"elementor-element elementor-element-7997653 elementor-widget elementor-widget-text-editor\" data-id=\"7997653\" data-element_type=\"widget\" data-e-type=\"widget\" data-widget_type=\"text-editor.default\">\n\t\t\t\t<div class=\"elementor-widget-container\">\n\t\t\t\t\t\t\t\t\t<p>Elke ondernemer, ongeacht uit welk land hij of zij komt, zou zonder zelfvertrouwen zijn\/haar bedrijf zijn begonnen en geslaagd ondernemer zijn geworden. Hetzelfde geldt voor sociale ondernemingen. Het is moeilijk om er eentje te kiezen uit de casestudy's van het SAGA-project, die het belang van zelfvertrouwen het beste illustreert.<\/p>\n<p class=\"translation-block\">De zaak van de <a href=\"https:\/\/www.facebook.com\/ZsigmondMalomFogado\/\" target=\"_self\">Zsigmond Malom Panzi\u00f3<\/a> verschilt van de andere zaken die in Roemeni\u00eb zijn verzameld omdat beide eigenaren een universitair diploma bezitten wat hen een comfortabel leven garandeerde. Hij is leraar lichamelijke opvoeding, zij apotheker en beide beroepen worden redelijk goed betaald in dat land. De eigenaar was bovendien al reisleider voordat dit een populair beroep werd en de regio toeristisch aantrekkelijk. Zijn eerste ervaringen als reisleider hebben hem mogelijk een boost gegeven om verder te gaan als ondernemer en specifiek te kiezen voor sociaal ondernemerschap. Het vroege succes had een positief effect op het zelfvertrouwen van de eigenaar en het gaf hem niet alleen voldoening om rondleidingen te verzorgen in de regio waar hij verliefd op was maar de feedback van zijn klanten\/gasten bevestigden hem dat dit bij hem paste. Na het starten van hun onderneming ontdekten de eigenaren dat veel van hun gasten terugkwamen sommigen van hen zelfs regelmatig. Hierdoor groeide het zelfvertrouwen. Vanaf de start wisten de ondernemers altijd het hoofd zelf boven water te houden. De krappe markt en de voortdurend veranderende omstandigheden vergroten hun aanpassingsvermogen en hielpen een gezond zelfvertrouwen op te bouwen aangezien ze ondanks alles de moeilijkheden het hoofd konden bieden.<\/p>\n<p>De basis van het zelfvertrouwen ligt in het verhaal van de oorsprong van Zsigmond Malom Panzi\u00f3, Als de eigenaar niet zo vaardig zou zijn geweest, zou hij misschien nooit genoeg zelfvertrouwen hebben verkregen om zo'n onderneming te starten. Uiteraard telt hierbij ook de steun van zijn vrouw en de hele familie mee die actief bijgedragen hebben aan het succes van het bedrijf. Beide eigenaren hebben een nieuwe passie gevonden en zich daarin ontwikkeld en geperfectioneerd. Dit verhaal laat zien dat continu leren belangrijk is voor de opbouw van een gezond zelfvertrouwen.<\/p>\n\t\t\t\t\t\t\t\t<\/div>\n\t\t\t\t<\/div>\n\t\t\t\t<div class=\"elementor-element elementor-element-f3eb6ea elementor-widget-divider--view-line elementor-widget elementor-widget-divider\" data-id=\"f3eb6ea\" data-element_type=\"widget\" data-e-type=\"widget\" data-widget_type=\"divider.default\">\n\t\t\t\t<div class=\"elementor-widget-container\">\n\t\t\t\t\t\t\t<div class=\"elementor-divider\">\n\t\t\t<span class=\"elementor-divider-separator\">\n\t\t\t\t\t\t<\/span>\n\t\t<\/div>\n\t\t\t\t\t\t<\/div>\n\t\t\t\t<\/div>\n\t\t\t\t\t<\/div>\n\t\t<\/div>\n\t\t\t\t\t<\/div>\n\t\t<\/section>\n\t\t\t\t<section class=\"elementor-section elementor-top-section elementor-element elementor-element-62082f4 elementor-section-boxed elementor-section-height-default elementor-section-height-default\" data-id=\"62082f4\" data-element_type=\"section\" data-e-type=\"section\">\n\t\t\t\t\t\t<div class=\"elementor-container elementor-column-gap-default\">\n\t\t\t\t\t<div class=\"elementor-column elementor-col-100 elementor-top-column elementor-element elementor-element-7886fa5\" data-id=\"7886fa5\" data-element_type=\"column\" data-e-type=\"column\">\n\t\t\t<div class=\"elementor-widget-wrap elementor-element-populated\">\n\t\t\t\t\t\t<div class=\"elementor-element elementor-element-621808f elementor-widget elementor-widget-heading\" data-id=\"621808f\" data-element_type=\"widget\" data-e-type=\"widget\" data-widget_type=\"heading.default\">\n\t\t\t\t<div class=\"elementor-widget-container\">\n\t\t\t\t\t<h2 class=\"elementor-heading-title elementor-size-default\">UNIT 4<\/h2>\t\t\t\t<\/div>\n\t\t\t\t<\/div>\n\t\t\t\t<div class=\"elementor-element elementor-element-f550b5d elementor-widget elementor-widget-text-editor\" data-id=\"f550b5d\" data-element_type=\"widget\" data-e-type=\"widget\" data-widget_type=\"text-editor.default\">\n\t\t\t\t<div class=\"elementor-widget-container\">\n\t\t\t\t\t\t\t\t\t<p class=\"translation-block\">De volgende casestudy hebben we gevonden op: <a href=\"https:\/\/artemis.im\/theory-of-change-example-in-health\/\" target=\"_self\">https:\/\/artemis.im\/theory-of-change-example-in-health\/<\/a>. De non profit organisatie gebruikte \u2018Theory of Change (ToC)\u2019 om een basisfitnessniveau voor ouderen in West-Java te bereiken. De website beschrijft het proces als volgt:<\/p>\n<p>\u2018Een non profit organisatie in West-Java wil een project lanceren om ouderen te helpen een gezondere, actievere levensstijl aan te nemen. Het project wordt gedurende 6 maanden uitgevoerd met regelmatige counselingsessies en workshops. De non profit organisatie is ook van plan om voor hulp contact op te nemen met \u00e9\u00e9n van de belangrijkste gezondheidscentra in de regio.'\u00a0\u00a0<\/p>\n<p>\u2018Hier is het langetermijn doel dat de non profit organisatie zal bereiken dat oudere bewoners actiever worden. Zodra het doel is ge\u00efdentificeerd, is de volgende stap het opsommen van de voorwaarden die nodig zijn om dit doel te bereiken en het proces waarop, het identificeren van interventies en het ontwikkelen van indicatoren\u2019.<\/p>\n<p>\u2018Vergeet niet dat de non profit organisatie de middelen en input moet vinden die nodig zijn voor het project om het gewenste doel te bereiken en de noodzakelijke randvoorwaarden leveren. Om ervoor te zorgen dat het impactproject het doel bereikt om ouderen fitter en actiever te maken, kwam de non profit organisatie tot een basisvoorwaarde. Deelnemers moeten al bezig zijn met lichte fysieke activiteiten, zoals stevig wandelen, yoga, et cetera. Inactieve deelnemers hebben medische toestemming nodig om deel te nemen aan het programma.'<\/p>\n<p>Bekijk hun interpretatie van het ToC-model hieronder als je klaar bent met de les over ToC.<\/p>\n\t\t\t\t\t\t\t\t<\/div>\n\t\t\t\t<\/div>\n\t\t\t\t<div class=\"elementor-element elementor-element-4c50cc2 elementor-widget elementor-widget-image\" data-id=\"4c50cc2\" data-element_type=\"widget\" data-e-type=\"widget\" data-widget_type=\"image.default\">\n\t\t\t\t<div class=\"elementor-widget-container\">\n\t\t\t\t\t\t\t\t\t\t\t\t\t\t\t<img decoding=\"async\" width=\"801\" height=\"1024\" src=\"https:\/\/sagalearningprogramme.eu\/wp-content\/uploads\/2022\/05\/M4U4_nl_a1.png\" class=\"attachment-large size-large wp-image-6160\" alt=\"\" srcset=\"https:\/\/sagalearningprogramme.eu\/wp-content\/uploads\/2022\/05\/M4U4_nl_a1.png 514w, https:\/\/sagalearningprogramme.eu\/wp-content\/uploads\/2022\/05\/M4U4_nl_a1-200x300.png 200w, https:\/\/sagalearningprogramme.eu\/wp-content\/uploads\/2022\/05\/M4U4_nl_a1-8x12.png 8w\" sizes=\"(max-width: 801px) 100vw, 801px\" \/>\t\t\t\t\t\t\t\t\t\t\t\t\t\t\t<\/div>\n\t\t\t\t<\/div>\n\t\t\t\t\t<\/div>\n\t\t<\/div>\n\t\t\t\t\t<\/div>\n\t\t<\/section>\n\t\t\t\t<\/div>","protected":false},"excerpt":{"rendered":"<p>UNIT 1 C\u00e1ceres para Comerselo C\u00e1ceres para Com\u00e9rselo is a micro-enterprise of less than 10 employees acting as a cooperative with 6 &#8211; 10 years of experience in sectors such as: agriculture, forestry and fishing, agri-food and tourism, gastronomy, food retail and culinary arts, entertainment and creation. In this way, the company offers a wide [&hellip;]<\/p>\n","protected":false},"author":1,"featured_media":0,"parent":0,"menu_order":0,"comment_status":"closed","ping_status":"closed","template":"","meta":{"footnotes":""},"class_list":["post-6394","page","type-page","status-publish","hentry"],"_links":{"self":[{"href":"https:\/\/sagalearningprogramme.eu\/nl\/wp-json\/wp\/v2\/pages\/6394","targetHints":{"allow":["GET"]}}],"collection":[{"href":"https:\/\/sagalearningprogramme.eu\/nl\/wp-json\/wp\/v2\/pages"}],"about":[{"href":"https:\/\/sagalearningprogramme.eu\/nl\/wp-json\/wp\/v2\/types\/page"}],"author":[{"embeddable":true,"href":"https:\/\/sagalearningprogramme.eu\/nl\/wp-json\/wp\/v2\/users\/1"}],"replies":[{"embeddable":true,"href":"https:\/\/sagalearningprogramme.eu\/nl\/wp-json\/wp\/v2\/comments?post=6394"}],"version-history":[{"count":16,"href":"https:\/\/sagalearningprogramme.eu\/nl\/wp-json\/wp\/v2\/pages\/6394\/revisions"}],"predecessor-version":[{"id":6411,"href":"https:\/\/sagalearningprogramme.eu\/nl\/wp-json\/wp\/v2\/pages\/6394\/revisions\/6411"}],"wp:attachment":[{"href":"https:\/\/sagalearningprogramme.eu\/nl\/wp-json\/wp\/v2\/media?parent=6394"}],"curies":[{"name":"wp","href":"https:\/\/api.w.org\/{rel}","templated":true}]}}