{"id":392,"date":"2018-07-26T07:17:24","date_gmt":"2018-07-26T07:17:24","guid":{"rendered":"http:\/\/lmsdemo.loc\/lms-white\/?page_id=392"},"modified":"2022-04-19T11:23:05","modified_gmt":"2022-04-19T11:23:05","slug":"about-us","status":"publish","type":"page","link":"https:\/\/sagalearningprogramme.eu\/ro\/about-us\/","title":{"rendered":"Despre noi"},"content":{"rendered":"<div data-elementor-type=\"wp-page\" data-elementor-id=\"392\" class=\"elementor elementor-392\">\n\t\t\t\t\t\t<section class=\"elementor-section elementor-top-section elementor-element elementor-element-8c5443d elementor-section-stretched elementor-section-boxed elementor-section-height-default elementor-section-height-default\" data-id=\"8c5443d\" data-element_type=\"section\" data-e-type=\"section\" data-settings=\"{&quot;background_background&quot;:&quot;classic&quot;,&quot;stretch_section&quot;:&quot;section-stretched&quot;}\">\n\t\t\t\t\t\t<div class=\"elementor-container elementor-column-gap-default\">\n\t\t\t\t\t<div class=\"elementor-column elementor-col-50 elementor-top-column elementor-element elementor-element-8c5508f\" data-id=\"8c5508f\" data-element_type=\"column\" data-e-type=\"column\">\n\t\t\t<div class=\"elementor-widget-wrap elementor-element-populated\">\n\t\t\t\t\t\t<div class=\"elementor-element elementor-element-8c55922 elementor-widget elementor-widget-vc_custom_heading\" data-id=\"8c55922\" data-element_type=\"widget\" data-e-type=\"widget\" data-widget_type=\"vc_custom_heading.default\">\n\t\t\t\t<div class=\"elementor-widget-container\">\n\t\t\t\t\t<div class=\"vc_custom_heading  masterstudy_heading_font  text_align_left\" ><h2 style=\"text-align: left;font-weight:400\" class=\"masterstudy-custom-title\">Introducere\n<\/h2><\/div>\t\t\t\t<\/div>\n\t\t\t\t<\/div>\n\t\t\t\t<div class=\"elementor-element elementor-element-8c56456 elementor-widget elementor-widget-text-editor\" data-id=\"8c56456\" data-element_type=\"widget\" data-e-type=\"widget\" data-widget_type=\"text-editor.default\">\n\t\t\t\t<div class=\"elementor-widget-container\">\n\t\t\t\t\t\t\t\t\t<p>SAGA ofer\u0103 un program de \u00eenv\u0103\u021bare adaptat nevoilor adul\u021bilor din zonele rurale care reprezint\u0103 a\u0219a-numita \u201eEuropa goal\u0103\u201d, \u0219i le ofer\u0103 acestora o formare de calitate care s\u0103 le permit\u0103 s\u0103 dob\u00e2ndeasc\u0103 abilit\u0103\u021bi \u0219i competen\u021be pentru a \u00eenfiin\u021ba o \u00eentreprindere social\u0103 (colaborativ\u0103).<\/p>\n<p>Grupul \u021bint\u0103 al SAGA este cei care tr\u0103iesc \u00een zonele rurale considerate \u201eEuropa goal\u0103\u201d, cu probleme stringente precum \u0219omajul \u0219i revitalizarea economic\u0103 \u0219i social\u0103. O parte important\u0103 a grupului \u021bint\u0103 direct reprezint\u0103 persoanele care apar\u021bin unor grupuri dezavantajate (fie dezavantaje sociale, economice sau geografice).<\/p>\n\t\t\t\t\t\t\t\t<\/div>\n\t\t\t\t<\/div>\n\t\t\t\t<div class=\"elementor-element elementor-element-8c56a90 elementor-widget elementor-widget-vc_custom_heading\" data-id=\"8c56a90\" data-element_type=\"widget\" data-e-type=\"widget\" data-widget_type=\"vc_custom_heading.default\">\n\t\t\t\t<div class=\"elementor-widget-container\">\n\t\t\t\t\t<div class=\"vc_custom_heading  masterstudy_heading_font  text_align_left\" ><h3 style=\"text-align: left;font-weight:400\" class=\"masterstudy-custom-title\">Proiectul va dezvolta 3 rezultate intelectuale:\n<\/h3><\/div>\t\t\t\t<\/div>\n\t\t\t\t<\/div>\n\t\t\t\t<div class=\"elementor-element elementor-element-0f4b366 elementor-icon-list--layout-traditional elementor-list-item-link-full_width elementor-widget elementor-widget-icon-list\" data-id=\"0f4b366\" data-element_type=\"widget\" data-e-type=\"widget\" data-widget_type=\"icon-list.default\">\n\t\t\t\t<div class=\"elementor-widget-container\">\n\t\t\t\t\t\t\t<ul class=\"elementor-icon-list-items\">\n\t\t\t\t\t\t\t<li class=\"elementor-icon-list-item\">\n\t\t\t\t\t\t\t\t\t\t\t<span class=\"elementor-icon-list-icon\">\n\t\t\t\t\t\t\t<i aria-hidden=\"true\" class=\"fas fa-check-circle\"><\/i>\t\t\t\t\t\t<\/span>\n\t\t\t\t\t\t\t\t\t\t<span class=\"elementor-icon-list-text\">O1 SAGA Abordarea \u0219i curriculumul de \u00eenv\u0103\u021bare<\/span>\n\t\t\t\t\t\t\t\t\t<\/li>\n\t\t\t\t\t\t\t\t<li class=\"elementor-icon-list-item\">\n\t\t\t\t\t\t\t\t\t\t\t<span class=\"elementor-icon-list-icon\">\n\t\t\t\t\t\t\t<i aria-hidden=\"true\" class=\"fas fa-check-circle\"><\/i>\t\t\t\t\t\t<\/span>\n\t\t\t\t\t\t\t\t\t\t<span class=\"elementor-icon-list-text\">O2 SAGA Program de \u00eenv\u0103\u021bare (mixt)<\/span>\n\t\t\t\t\t\t\t\t\t<\/li>\n\t\t\t\t\t\t\t\t<li class=\"elementor-icon-list-item\">\n\t\t\t\t\t\t\t\t\t\t\t<span class=\"elementor-icon-list-icon\">\n\t\t\t\t\t\t\t<i aria-hidden=\"true\" class=\"fas fa-check-circle\"><\/i>\t\t\t\t\t\t<\/span>\n\t\t\t\t\t\t\t\t\t\t<span class=\"elementor-icon-list-text\">O3 SAGA Experien\u021be \u0219i ghid de formare<\/span>\n\t\t\t\t\t\t\t\t\t<\/li>\n\t\t\t\t\t\t<\/ul>\n\t\t\t\t\t\t<\/div>\n\t\t\t\t<\/div>\n\t\t\t\t<div class=\"elementor-element elementor-element-8c5732a elementor-widget elementor-widget-image\" data-id=\"8c5732a\" data-element_type=\"widget\" data-e-type=\"widget\" data-widget_type=\"image.default\">\n\t\t\t\t<div class=\"elementor-widget-container\">\n\t\t\t\t\t\t\t\t\t\t\t\t\t\t\t<img fetchpriority=\"high\" decoding=\"async\" width=\"850\" height=\"505\" src=\"https:\/\/sagalearningprogramme.eu\/wp-content\/uploads\/2022\/04\/275435184_170637175295845_3221580998829800298_n.png\" class=\"attachment-large size-large wp-image-6540\" alt=\"\" srcset=\"https:\/\/sagalearningprogramme.eu\/wp-content\/uploads\/2022\/04\/275435184_170637175295845_3221580998829800298_n.png 850w, https:\/\/sagalearningprogramme.eu\/wp-content\/uploads\/2022\/04\/275435184_170637175295845_3221580998829800298_n-300x178.png 300w, https:\/\/sagalearningprogramme.eu\/wp-content\/uploads\/2022\/04\/275435184_170637175295845_3221580998829800298_n-768x456.png 768w, https:\/\/sagalearningprogramme.eu\/wp-content\/uploads\/2022\/04\/275435184_170637175295845_3221580998829800298_n-18x12.png 18w, https:\/\/sagalearningprogramme.eu\/wp-content\/uploads\/2022\/04\/275435184_170637175295845_3221580998829800298_n-600x356.png 600w\" sizes=\"(max-width: 850px) 100vw, 850px\" \/>\t\t\t\t\t\t\t\t\t\t\t\t\t\t\t<\/div>\n\t\t\t\t<\/div>\n\t\t\t\t\t<\/div>\n\t\t<\/div>\n\t\t\t\t<div class=\"elementor-column elementor-col-50 elementor-top-column elementor-element elementor-element-8c598db\" data-id=\"8c598db\" data-element_type=\"column\" data-e-type=\"column\">\n\t\t\t<div class=\"elementor-widget-wrap elementor-element-populated\">\n\t\t\t\t\t\t<div class=\"elementor-element elementor-element-8c5a16a elementor-widget elementor-widget-image\" data-id=\"8c5a16a\" data-element_type=\"widget\" data-e-type=\"widget\" data-widget_type=\"image.default\">\n\t\t\t\t<div class=\"elementor-widget-container\">\n\t\t\t\t\t\t\t\t\t\t\t\t\t\t\t<img decoding=\"async\" width=\"996\" height=\"360\" src=\"https:\/\/sagalearningprogramme.eu\/wp-content\/uploads\/2022\/01\/saga_logo-996x360.png\" class=\"attachment-large size-large wp-image-5458\" alt=\"\" srcset=\"https:\/\/sagalearningprogramme.eu\/wp-content\/uploads\/2022\/01\/saga_logo-996x360.png 996w, https:\/\/sagalearningprogramme.eu\/wp-content\/uploads\/2022\/01\/saga_logo-600x217.png 600w, https:\/\/sagalearningprogramme.eu\/wp-content\/uploads\/2022\/01\/saga_logo-300x108.png 300w, https:\/\/sagalearningprogramme.eu\/wp-content\/uploads\/2022\/01\/saga_logo-768x278.png 768w, https:\/\/sagalearningprogramme.eu\/wp-content\/uploads\/2022\/01\/saga_logo-18x7.png 18w, https:\/\/sagalearningprogramme.eu\/wp-content\/uploads\/2022\/01\/saga_logo-468x169.png 468w, https:\/\/sagalearningprogramme.eu\/wp-content\/uploads\/2022\/01\/saga_logo.png 999w\" sizes=\"(max-width: 996px) 100vw, 996px\" \/>\t\t\t\t\t\t\t\t\t\t\t\t\t\t\t<\/div>\n\t\t\t\t<\/div>\n\t\t\t\t<div class=\"elementor-element elementor-element-f763e2b elementor-widget elementor-widget-vc_custom_heading\" data-id=\"f763e2b\" data-element_type=\"widget\" data-e-type=\"widget\" data-widget_type=\"vc_custom_heading.default\">\n\t\t\t\t<div class=\"elementor-widget-container\">\n\t\t\t\t\t<div class=\"vc_custom_heading  masterstudy_heading_font  text_align_left\" ><h3 style=\"text-align: left;font-weight:400\" class=\"masterstudy-custom-title\">Activit\u0103\u021bile care conduc la Rezultatul 1 sunt:\n<\/h3><\/div>\t\t\t\t<\/div>\n\t\t\t\t<\/div>\n\t\t\t\t<div class=\"elementor-element elementor-element-6ab28cd elementor-icon-list--layout-traditional elementor-list-item-link-full_width elementor-widget elementor-widget-icon-list\" data-id=\"6ab28cd\" data-element_type=\"widget\" data-e-type=\"widget\" data-widget_type=\"icon-list.default\">\n\t\t\t\t<div class=\"elementor-widget-container\">\n\t\t\t\t\t\t\t<ul class=\"elementor-icon-list-items\">\n\t\t\t\t\t\t\t<li class=\"elementor-icon-list-item\">\n\t\t\t\t\t\t\t\t\t\t\t<span class=\"elementor-icon-list-icon\">\n\t\t\t\t\t\t\t<i aria-hidden=\"true\" class=\"fas fa-check-circle\"><\/i>\t\t\t\t\t\t<\/span>\n\t\t\t\t\t\t\t\t\t\t<span class=\"elementor-icon-list-text\">O1\/A1 Abordare metodologic\u0103 pentru proiectarea curriculumului<\/span>\n\t\t\t\t\t\t\t\t\t<\/li>\n\t\t\t\t\t\t\t\t<li class=\"elementor-icon-list-item\">\n\t\t\t\t\t\t\t\t\t\t\t<span class=\"elementor-icon-list-icon\">\n\t\t\t\t\t\t\t<i aria-hidden=\"true\" class=\"fas fa-check-circle\"><\/i>\t\t\t\t\t\t<\/span>\n\t\t\t\t\t\t\t\t\t\t<span class=\"elementor-icon-list-text\">O1\/A2 Cartografierea studiilor de caz<\/span>\n\t\t\t\t\t\t\t\t\t<\/li>\n\t\t\t\t\t\t\t\t<li class=\"elementor-icon-list-item\">\n\t\t\t\t\t\t\t\t\t\t\t<span class=\"elementor-icon-list-icon\">\n\t\t\t\t\t\t\t<i aria-hidden=\"true\" class=\"fas fa-check-circle\"><\/i>\t\t\t\t\t\t<\/span>\n\t\t\t\t\t\t\t\t\t\t<span class=\"elementor-icon-list-text\">O1\/A3 Cadrul de abilit\u0103\u021bi \u0219i competen\u021be<\/span>\n\t\t\t\t\t\t\t\t\t<\/li>\n\t\t\t\t\t\t\t\t<li class=\"elementor-icon-list-item\">\n\t\t\t\t\t\t\t\t\t\t\t<span class=\"elementor-icon-list-icon\">\n\t\t\t\t\t\t\t<i aria-hidden=\"true\" class=\"fas fa-check-circle\"><\/i>\t\t\t\t\t\t<\/span>\n\t\t\t\t\t\t\t\t\t\t<span class=\"elementor-icon-list-text\">O1\/A4 Cartografierea posibilit\u0103\u021bilor de formare<\/span>\n\t\t\t\t\t\t\t\t\t<\/li>\n\t\t\t\t\t\t\t\t<li class=\"elementor-icon-list-item\">\n\t\t\t\t\t\t\t\t\t\t\t<span class=\"elementor-icon-list-icon\">\n\t\t\t\t\t\t\t<i aria-hidden=\"true\" class=\"fas fa-check-circle\"><\/i>\t\t\t\t\t\t<\/span>\n\t\t\t\t\t\t\t\t\t\t<span class=\"elementor-icon-list-text\">O1\/A5 SAGA learning approach &amp; curriculum<\/span>\n\t\t\t\t\t\t\t\t\t<\/li>\n\t\t\t\t\t\t<\/ul>\n\t\t\t\t\t\t<\/div>\n\t\t\t\t<\/div>\n\t\t\t\t<div class=\"elementor-element elementor-element-3e1f110 elementor-widget elementor-widget-text-editor\" data-id=\"3e1f110\" data-element_type=\"widget\" data-e-type=\"widget\" data-widget_type=\"text-editor.default\">\n\t\t\t\t<div class=\"elementor-widget-container\">\n\t\t\t\t\t\t\t\t\t<p>Abordarea \u0219i curriculum-ul de \u00eenv\u0103\u021bare SAGA pot servi ca baz\u0103 pentru celelalte rezultate ale proiectului, deoarece \u00een aceasta s-a dezvoltat abordarea general\u0103 a \u00eenv\u0103\u021b\u0103rii, obiectivele de \u00eenv\u0103\u021bare, matricea abilit\u0103\u021bilor \u0219i competen\u021belor, curriculum-ul \u0219i metodele de evaluare bazate pe o analiz\u0103 bazat\u0103 pe dovezi \u0219i cercet\u0103ri legate de abilit\u0103\u021bile \u0219i competen\u021bele de baz\u0103. Pe parcursul cercet\u0103rii am analizat contextul proiectului \u0219i am c\u0103utat \u00een \u021b\u0103rile participante exemple relevante de \u00eentreprinderi sociale \u00een sectorul alimentar, gastronomic \u0219i culinar vizat \u0219i am cartografiat posibilit\u0103\u021bile de formare.<\/p>\n<p>Abordarea SAGA, matricea de competen\u021be, curriculum \u0219i metoda de evaluare pot fi transferate \u00een orice alt cadru de formare sau de educa\u021bie \u00een care sunt evidente subiectele identificate \u0219i nevoia de \u00eentreprindere social\u0103 (\u00een colaborare). Ea poate fi transferat\u0103 \u00een cadre educa\u021bionale mai formale, \u00een cazul \u00een care subiectele vizate sunt relevante, de exemplu, competen\u021bele de co-creare, co-sharing \u0219i colaborare ar putea fi oferite ca parte a educa\u021biei \u0219i form\u0103rii pentru viitorul personal sau antreprenori din sectoarele vizate, de exemplu, ospitalitate, gastronomie, produc\u021bie alimentar\u0103, turism etc.. Acest lucru se poate realiza at\u00e2t la nivelul \u00eenv\u0103\u021b\u0103m\u00e2ntului profesional \u0219i tehnic, c\u00e2t \u0219i la nivelul \u00eenv\u0103\u021b\u0103m\u00e2ntului superior.<\/p>\n\t\t\t\t\t\t\t\t<\/div>\n\t\t\t\t<\/div>\n\t\t\t\t\t<\/div>\n\t\t<\/div>\n\t\t\t\t\t<\/div>\n\t\t<\/section>\n\t\t\t\t<\/div>","protected":false},"excerpt":{"rendered":"<p>Introduction SAGA offers a learning programme tailored to the needs of adults in rural areas which represents the so-called \u201cEmpty Europe\u201d, and provide them with quality training that allows them to acquire skills and competences to set up a (collaborative) social enterprise. SAGA\u00b4s target group are those living in rural areas considered \u201cEmpty Europe\u201d, with [&hellip;]<\/p>\n","protected":false},"author":1,"featured_media":0,"parent":0,"menu_order":0,"comment_status":"closed","ping_status":"closed","template":"","meta":{"footnotes":""},"class_list":["post-392","page","type-page","status-publish","hentry"],"_links":{"self":[{"href":"https:\/\/sagalearningprogramme.eu\/ro\/wp-json\/wp\/v2\/pages\/392","targetHints":{"allow":["GET"]}}],"collection":[{"href":"https:\/\/sagalearningprogramme.eu\/ro\/wp-json\/wp\/v2\/pages"}],"about":[{"href":"https:\/\/sagalearningprogramme.eu\/ro\/wp-json\/wp\/v2\/types\/page"}],"author":[{"embeddable":true,"href":"https:\/\/sagalearningprogramme.eu\/ro\/wp-json\/wp\/v2\/users\/1"}],"replies":[{"embeddable":true,"href":"https:\/\/sagalearningprogramme.eu\/ro\/wp-json\/wp\/v2\/comments?post=392"}],"version-history":[{"count":10,"href":"https:\/\/sagalearningprogramme.eu\/ro\/wp-json\/wp\/v2\/pages\/392\/revisions"}],"predecessor-version":[{"id":6546,"href":"https:\/\/sagalearningprogramme.eu\/ro\/wp-json\/wp\/v2\/pages\/392\/revisions\/6546"}],"wp:attachment":[{"href":"https:\/\/sagalearningprogramme.eu\/ro\/wp-json\/wp\/v2\/media?parent=392"}],"curies":[{"name":"wp","href":"https:\/\/api.w.org\/{rel}","templated":true}]}}