{"id":413,"date":"2018-07-26T12:16:19","date_gmt":"2018-07-26T12:16:19","guid":{"rendered":"http:\/\/lmsdemo.loc\/lms-white\/?page_id=413"},"modified":"2022-05-26T09:14:58","modified_gmt":"2022-05-26T09:14:58","slug":"contact-us","status":"publish","type":"page","link":"https:\/\/sagalearningprogramme.eu\/ro\/contact-us\/","title":{"rendered":"Contacta\u021bi-ne"},"content":{"rendered":"<div data-elementor-type=\"wp-page\" data-elementor-id=\"413\" class=\"elementor elementor-413\">\n\t\t\t\t\t\t<section class=\"elementor-section elementor-top-section elementor-element elementor-element-16aa2961 elementor-section-content-middle elementor-reverse-mobile elementor-section-boxed elementor-section-height-default elementor-section-height-default\" data-id=\"16aa2961\" data-element_type=\"section\" data-e-type=\"section\">\n\t\t\t\t\t\t<div class=\"elementor-container elementor-column-gap-no\">\n\t\t\t\t\t<div class=\"elementor-column elementor-col-50 elementor-top-column elementor-element elementor-element-43da5f5\" data-id=\"43da5f5\" data-element_type=\"column\" data-e-type=\"column\">\n\t\t\t<div class=\"elementor-widget-wrap elementor-element-populated\">\n\t\t\t\t\t\t<div class=\"elementor-element elementor-element-3d89c91c elementor-widget elementor-widget-google_maps\" data-id=\"3d89c91c\" data-element_type=\"widget\" data-e-type=\"widget\" data-widget_type=\"google_maps.default\">\n\t\t\t\t<div class=\"elementor-widget-container\">\n\t\t\t\t\t\t\t<div class=\"elementor-custom-embed\">\n\t\t\t<iframe loading=\"lazy\"\n\t\t\t\t\tsrc=\"https:\/\/maps.google.com\/maps?q=7621%20P%C3%A9cs%2C%20M%C3%A1ria%20utca%203.&#038;t=m&#038;z=18&#038;output=embed&#038;iwloc=near\"\n\t\t\t\t\ttitle=\"7621 P\u00e9cs, M\u00e1ria utca 3.\"\n\t\t\t\t\taria-label=\"7621 P\u00e9cs, M\u00e1ria utca 3.\"\n\t\t\t><\/iframe>\n\t\t<\/div>\n\t\t\t\t\t\t<\/div>\n\t\t\t\t<\/div>\n\t\t\t\t\t<\/div>\n\t\t<\/div>\n\t\t\t\t<div class=\"elementor-column elementor-col-50 elementor-top-column elementor-element elementor-element-60e98737\" data-id=\"60e98737\" data-element_type=\"column\" data-e-type=\"column\">\n\t\t\t<div class=\"elementor-widget-wrap elementor-element-populated\">\n\t\t\t\t\t\t<div class=\"elementor-element elementor-element-41b0a986 elementor-widget elementor-widget-heading\" data-id=\"41b0a986\" data-element_type=\"widget\" data-e-type=\"widget\" data-widget_type=\"heading.default\">\n\t\t\t\t<div class=\"elementor-widget-container\">\n\t\t\t\t\t<h4 class=\"elementor-heading-title elementor-size-default\">Contacta\u021bi-ne<\/h4>\t\t\t\t<\/div>\n\t\t\t\t<\/div>\n\t\t\t\t<div class=\"elementor-element elementor-element-eeb7a64 elementor-widget elementor-widget-text-editor\" data-id=\"eeb7a64\" data-element_type=\"widget\" data-e-type=\"widget\" data-widget_type=\"text-editor.default\">\n\t\t\t\t<div class=\"elementor-widget-container\">\n\t\t\t\t\t\t\t\t\t<h3><strong>Coordonator<\/strong><\/h3>\n<h3><img decoding=\"async\" class=\"wp-image-6517\" style=\"font-size: 16px;\" src=\"https:\/\/sagalearningprogramme.eu\/wp-content\/uploads\/2022\/04\/riu_logo_magyar-kicsiii.jpg\" alt=\"\" width=\"135\" height=\"208\" srcset=\"https:\/\/sagalearningprogramme.eu\/wp-content\/uploads\/2022\/04\/riu_logo_magyar-kicsiii.jpg 290w, https:\/\/sagalearningprogramme.eu\/wp-content\/uploads\/2022\/04\/riu_logo_magyar-kicsiii-194x300.jpg 194w, https:\/\/sagalearningprogramme.eu\/wp-content\/uploads\/2022\/04\/riu_logo_magyar-kicsiii-8x12.jpg 8w\" sizes=\"(max-width: 135px) 100vw, 135px\" \/><\/h3>\n<h3><strong>STRIA South-Transdanubian Regional Innovation Agency<\/strong><\/h3>\n\t\t\t\t\t\t\t\t<\/div>\n\t\t\t\t<\/div>\n\t\t\t\t<section class=\"elementor-section elementor-inner-section elementor-element elementor-element-5a1ec02a elementor-section-boxed elementor-section-height-default elementor-section-height-default\" data-id=\"5a1ec02a\" data-element_type=\"section\" data-e-type=\"section\">\n\t\t\t\t\t\t<div class=\"elementor-container elementor-column-gap-default\">\n\t\t\t\t\t<div class=\"elementor-column elementor-col-50 elementor-inner-column elementor-element elementor-element-1a07b6e6\" data-id=\"1a07b6e6\" data-element_type=\"column\" data-e-type=\"column\">\n\t\t\t<div class=\"elementor-widget-wrap elementor-element-populated\">\n\t\t\t\t\t\t<div class=\"elementor-element elementor-element-57b5dcbb elementor-widget elementor-widget-heading\" data-id=\"57b5dcbb\" data-element_type=\"widget\" data-e-type=\"widget\" data-widget_type=\"heading.default\">\n\t\t\t\t<div class=\"elementor-widget-container\">\n\t\t\t\t\t<div class=\"elementor-heading-title elementor-size-default\">Loca\u021bie<\/div>\t\t\t\t<\/div>\n\t\t\t\t<\/div>\n\t\t\t\t<div class=\"elementor-element elementor-element-1ca65554 elementor-widget elementor-widget-text-editor\" data-id=\"1ca65554\" data-element_type=\"widget\" data-e-type=\"widget\" data-widget_type=\"text-editor.default\">\n\t\t\t\t<div class=\"elementor-widget-container\">\n\t\t\t\t\t\t\t\t\t<p>M\u00e1ria str. 3., P\u00e9cs, Hungary, 7621<\/p>\n\t\t\t\t\t\t\t\t<\/div>\n\t\t\t\t<\/div>\n\t\t\t\t\t<\/div>\n\t\t<\/div>\n\t\t\t\t<div class=\"elementor-column elementor-col-50 elementor-inner-column elementor-element elementor-element-8c8cb5\" data-id=\"8c8cb5\" data-element_type=\"column\" data-e-type=\"column\">\n\t\t\t<div class=\"elementor-widget-wrap elementor-element-populated\">\n\t\t\t\t\t\t<div class=\"elementor-element elementor-element-78695e4e elementor-widget elementor-widget-heading\" data-id=\"78695e4e\" data-element_type=\"widget\" data-e-type=\"widget\" data-widget_type=\"heading.default\">\n\t\t\t\t<div class=\"elementor-widget-container\">\n\t\t\t\t\t<div class=\"elementor-heading-title elementor-size-default\">Contacta\u021bi-ne<\/div>\t\t\t\t<\/div>\n\t\t\t\t<\/div>\n\t\t\t\t<div class=\"elementor-element elementor-element-141fafda elementor-widget elementor-widget-text-editor\" data-id=\"141fafda\" data-element_type=\"widget\" data-e-type=\"widget\" data-widget_type=\"text-editor.default\">\n\t\t\t\t<div class=\"elementor-widget-container\">\n\t\t\t\t\t\t\t\t\t<p>Email : innovacio(at)ddriu.hu<\/p>\n<p>Site-ul web: www.ddriu.hu<\/p>\n\t\t\t\t\t\t\t\t<\/div>\n\t\t\t\t<\/div>\n\t\t\t\t\t<\/div>\n\t\t<\/div>\n\t\t\t\t\t<\/div>\n\t\t<\/section>\n\t\t\t\t<section class=\"elementor-section elementor-inner-section elementor-element elementor-element-7b9f3d7f elementor-section-boxed elementor-section-height-default elementor-section-height-default\" data-id=\"7b9f3d7f\" data-element_type=\"section\" data-e-type=\"section\">\n\t\t\t\t\t\t<div class=\"elementor-container elementor-column-gap-default\">\n\t\t\t\t\t<div class=\"elementor-column elementor-col-100 elementor-inner-column elementor-element elementor-element-7853a737\" data-id=\"7853a737\" data-element_type=\"column\" data-e-type=\"column\">\n\t\t\t<div class=\"elementor-widget-wrap elementor-element-populated\">\n\t\t\t\t\t\t<div class=\"elementor-element elementor-element-3db503d4 elementor-widget elementor-widget-heading\" data-id=\"3db503d4\" data-element_type=\"widget\" data-e-type=\"widget\" data-widget_type=\"heading.default\">\n\t\t\t\t<div class=\"elementor-widget-container\">\n\t\t\t\t\t<div class=\"elementor-heading-title elementor-size-default\">Urm\u0103rei\u021bi-ne pe Facebook<\/div>\t\t\t\t<\/div>\n\t\t\t\t<\/div>\n\t\t\t\t<div class=\"elementor-element elementor-element-4b9a1137 elementor-shape-square e-grid-align-left elementor-grid-0 elementor-widget elementor-widget-social-icons\" data-id=\"4b9a1137\" data-element_type=\"widget\" data-e-type=\"widget\" data-widget_type=\"social-icons.default\">\n\t\t\t\t<div class=\"elementor-widget-container\">\n\t\t\t\t\t\t\t<div class=\"elementor-social-icons-wrapper elementor-grid\">\n\t\t\t\t\t\t\t<span class=\"elementor-grid-item\">\n\t\t\t\t\t<a class=\"elementor-icon elementor-social-icon elementor-social-icon-facebook-f elementor-animation-grow elementor-repeater-item-2d0da0c\" href=\"https:\/\/www.facebook.com\/SAGAprojectEU\/\" target=\"_blank\">\n\t\t\t\t\t\t<span class=\"elementor-screen-only\">Facebook-f<\/span>\n\t\t\t\t\t\t<i aria-hidden=\"true\" class=\"fab fa-facebook-f\"><\/i>\t\t\t\t\t<\/a>\n\t\t\t\t<\/span>\n\t\t\t\t\t<\/div>\n\t\t\t\t\t\t<\/div>\n\t\t\t\t<\/div>\n\t\t\t\t\t<\/div>\n\t\t<\/div>\n\t\t\t\t\t<\/div>\n\t\t<\/section>\n\t\t\t\t\t<\/div>\n\t\t<\/div>\n\t\t\t\t\t<\/div>\n\t\t<\/section>\n\t\t\t\t<section class=\"elementor-section elementor-top-section elementor-element elementor-element-9098822 elementor-section-boxed elementor-section-height-default elementor-section-height-default\" data-id=\"9098822\" data-element_type=\"section\" data-e-type=\"section\">\n\t\t\t\t\t\t<div class=\"elementor-container elementor-column-gap-default\">\n\t\t\t\t\t<div class=\"elementor-column elementor-col-100 elementor-top-column elementor-element elementor-element-760050e\" data-id=\"760050e\" data-element_type=\"column\" data-e-type=\"column\">\n\t\t\t<div class=\"elementor-widget-wrap elementor-element-populated\">\n\t\t\t\t\t\t<div class=\"elementor-element elementor-element-4039721 elementor-widget elementor-widget-heading\" data-id=\"4039721\" data-element_type=\"widget\" data-e-type=\"widget\" data-widget_type=\"heading.default\">\n\t\t\t\t<div class=\"elementor-widget-container\">\n\t\t\t\t\t<h3 class=\"elementor-heading-title elementor-size-default\">Partenerii de proiect<\/h3>\t\t\t\t<\/div>\n\t\t\t\t<\/div>\n\t\t\t\t\t<\/div>\n\t\t<\/div>\n\t\t\t\t\t<\/div>\n\t\t<\/section>\n\t\t\t\t<section class=\"elementor-section elementor-top-section elementor-element elementor-element-f97770f elementor-section-boxed elementor-section-height-default elementor-section-height-default\" data-id=\"f97770f\" data-element_type=\"section\" data-e-type=\"section\">\n\t\t\t\t\t\t<div class=\"elementor-container elementor-column-gap-default\">\n\t\t\t\t\t<div class=\"elementor-column elementor-col-50 elementor-top-column elementor-element elementor-element-91082ba\" data-id=\"91082ba\" data-element_type=\"column\" data-e-type=\"column\">\n\t\t\t<div class=\"elementor-widget-wrap elementor-element-populated\">\n\t\t\t\t\t\t<div class=\"elementor-element elementor-element-8b4ed7c elementor-widget elementor-widget-image\" data-id=\"8b4ed7c\" data-element_type=\"widget\" data-e-type=\"widget\" data-widget_type=\"image.default\">\n\t\t\t\t<div class=\"elementor-widget-container\">\n\t\t\t\t\t\t\t\t\t\t\t\t\t\t\t<img fetchpriority=\"high\" decoding=\"async\" width=\"1024\" height=\"684\" src=\"https:\/\/sagalearningprogramme.eu\/wp-content\/uploads\/2022\/04\/eolas.webp\" class=\"attachment-large size-large wp-image-6492\" alt=\"\" srcset=\"https:\/\/sagalearningprogramme.eu\/wp-content\/uploads\/2022\/04\/eolas.webp 1024w, https:\/\/sagalearningprogramme.eu\/wp-content\/uploads\/2022\/04\/eolas-300x200.webp 300w, https:\/\/sagalearningprogramme.eu\/wp-content\/uploads\/2022\/04\/eolas-768x513.webp 768w, https:\/\/sagalearningprogramme.eu\/wp-content\/uploads\/2022\/04\/eolas-18x12.webp 18w, https:\/\/sagalearningprogramme.eu\/wp-content\/uploads\/2022\/04\/eolas-270x180.webp 270w, https:\/\/sagalearningprogramme.eu\/wp-content\/uploads\/2022\/04\/eolas-600x401.webp 600w\" sizes=\"(max-width: 1024px) 100vw, 1024px\" \/>\t\t\t\t\t\t\t\t\t\t\t\t\t\t\t<\/div>\n\t\t\t\t<\/div>\n\t\t\t\t\t<\/div>\n\t\t<\/div>\n\t\t\t\t<div class=\"elementor-column elementor-col-50 elementor-top-column elementor-element elementor-element-b59d845\" data-id=\"b59d845\" data-element_type=\"column\" data-e-type=\"column\">\n\t\t\t<div class=\"elementor-widget-wrap elementor-element-populated\">\n\t\t\t\t\t\t<div class=\"elementor-element elementor-element-1559ead elementor-widget elementor-widget-text-editor\" data-id=\"1559ead\" data-element_type=\"widget\" data-e-type=\"widget\" data-widget_type=\"text-editor.default\">\n\t\t\t\t<div class=\"elementor-widget-container\">\n\t\t\t\t\t\t\t\t\t<p><strong>EOLAS S.L.<\/strong><br \/>\nAdres\u0103: Carretera de Sevilla KM 6 Badajoz, 06080 Spain<br \/>\nE-mail: eolas.manon(at)gmail.com<br \/>\nWebsite: www.eolas.es<\/p>\n\t\t\t\t\t\t\t\t<\/div>\n\t\t\t\t<\/div>\n\t\t\t\t\t<\/div>\n\t\t<\/div>\n\t\t\t\t\t<\/div>\n\t\t<\/section>\n\t\t\t\t<section class=\"elementor-section elementor-top-section elementor-element elementor-element-3515426 elementor-section-boxed elementor-section-height-default elementor-section-height-default\" data-id=\"3515426\" data-element_type=\"section\" data-e-type=\"section\">\n\t\t\t\t\t\t<div class=\"elementor-container elementor-column-gap-default\">\n\t\t\t\t\t<div class=\"elementor-column elementor-col-50 elementor-top-column elementor-element elementor-element-9a73b2a\" data-id=\"9a73b2a\" data-element_type=\"column\" data-e-type=\"column\">\n\t\t\t<div class=\"elementor-widget-wrap elementor-element-populated\">\n\t\t\t\t\t\t<div class=\"elementor-element elementor-element-c5bc56d elementor-widget elementor-widget-image\" data-id=\"c5bc56d\" data-element_type=\"widget\" data-e-type=\"widget\" data-widget_type=\"image.default\">\n\t\t\t\t<div class=\"elementor-widget-container\">\n\t\t\t\t\t\t\t\t\t\t\t\t\t\t\t<img decoding=\"async\" width=\"1023\" height=\"608\" src=\"https:\/\/sagalearningprogramme.eu\/wp-content\/uploads\/2022\/04\/innobridge-main-logo-en.webp\" class=\"attachment-large size-large wp-image-6502\" alt=\"\" srcset=\"https:\/\/sagalearningprogramme.eu\/wp-content\/uploads\/2022\/04\/innobridge-main-logo-en.webp 1023w, https:\/\/sagalearningprogramme.eu\/wp-content\/uploads\/2022\/04\/innobridge-main-logo-en-300x178.webp 300w, https:\/\/sagalearningprogramme.eu\/wp-content\/uploads\/2022\/04\/innobridge-main-logo-en-768x456.webp 768w, https:\/\/sagalearningprogramme.eu\/wp-content\/uploads\/2022\/04\/innobridge-main-logo-en-18x12.webp 18w, https:\/\/sagalearningprogramme.eu\/wp-content\/uploads\/2022\/04\/innobridge-main-logo-en-600x357.webp 600w\" sizes=\"(max-width: 1023px) 100vw, 1023px\" \/>\t\t\t\t\t\t\t\t\t\t\t\t\t\t\t<\/div>\n\t\t\t\t<\/div>\n\t\t\t\t\t<\/div>\n\t\t<\/div>\n\t\t\t\t<div class=\"elementor-column elementor-col-50 elementor-top-column elementor-element elementor-element-ab4d0fe\" data-id=\"ab4d0fe\" data-element_type=\"column\" data-e-type=\"column\">\n\t\t\t<div class=\"elementor-widget-wrap elementor-element-populated\">\n\t\t\t\t\t\t<div class=\"elementor-element elementor-element-99a1e1e elementor-widget elementor-widget-text-editor\" data-id=\"99a1e1e\" data-element_type=\"widget\" data-e-type=\"widget\" data-widget_type=\"text-editor.default\">\n\t\t\t\t<div class=\"elementor-widget-container\">\n\t\t\t\t\t\t\t\t\t<p><strong>Business Innovation Center Innobridge<\/strong><br \/>\nAdres\u0103: 3-A Tsar Ferdinand blvd. Ruse, 7000 Bulgaria<br \/>\nE-mail: mdobrev(at)rcci.bg<br \/>\nWebsite: www.innobridge.org<\/p>\n\t\t\t\t\t\t\t\t<\/div>\n\t\t\t\t<\/div>\n\t\t\t\t\t<\/div>\n\t\t<\/div>\n\t\t\t\t\t<\/div>\n\t\t<\/section>\n\t\t\t\t<section class=\"elementor-section elementor-top-section elementor-element elementor-element-a6acaac elementor-section-boxed elementor-section-height-default elementor-section-height-default\" data-id=\"a6acaac\" data-element_type=\"section\" data-e-type=\"section\">\n\t\t\t\t\t\t<div class=\"elementor-container elementor-column-gap-default\">\n\t\t\t\t\t<div class=\"elementor-column elementor-col-50 elementor-top-column elementor-element elementor-element-8b0aa3d\" data-id=\"8b0aa3d\" data-element_type=\"column\" data-e-type=\"column\">\n\t\t\t<div class=\"elementor-widget-wrap elementor-element-populated\">\n\t\t\t\t\t\t<div class=\"elementor-element elementor-element-20e4821 elementor-widget elementor-widget-image\" data-id=\"20e4821\" data-element_type=\"widget\" data-e-type=\"widget\" data-widget_type=\"image.default\">\n\t\t\t\t<div class=\"elementor-widget-container\">\n\t\t\t\t\t\t\t\t\t\t\t\t\t\t\t<img loading=\"lazy\" decoding=\"async\" width=\"1024\" height=\"254\" src=\"https:\/\/sagalearningprogramme.eu\/wp-content\/uploads\/2022\/04\/inqubator-logo-web-1024x254.png\" class=\"attachment-large size-large wp-image-6509\" alt=\"\" srcset=\"https:\/\/sagalearningprogramme.eu\/wp-content\/uploads\/2022\/04\/inqubator-logo-web-1024x254.png 1024w, https:\/\/sagalearningprogramme.eu\/wp-content\/uploads\/2022\/04\/inqubator-logo-web-300x74.png 300w, https:\/\/sagalearningprogramme.eu\/wp-content\/uploads\/2022\/04\/inqubator-logo-web-768x190.png 768w, https:\/\/sagalearningprogramme.eu\/wp-content\/uploads\/2022\/04\/inqubator-logo-web-18x4.png 18w, https:\/\/sagalearningprogramme.eu\/wp-content\/uploads\/2022\/04\/inqubator-logo-web-600x149.png 600w, https:\/\/sagalearningprogramme.eu\/wp-content\/uploads\/2022\/04\/inqubator-logo-web-1117x277.png 1117w, https:\/\/sagalearningprogramme.eu\/wp-content\/uploads\/2022\/04\/inqubator-logo-web.png 1121w\" sizes=\"(max-width: 1024px) 100vw, 1024px\" \/>\t\t\t\t\t\t\t\t\t\t\t\t\t\t\t<\/div>\n\t\t\t\t<\/div>\n\t\t\t\t\t<\/div>\n\t\t<\/div>\n\t\t\t\t<div class=\"elementor-column elementor-col-50 elementor-top-column elementor-element elementor-element-4dd7f7c\" data-id=\"4dd7f7c\" data-element_type=\"column\" data-e-type=\"column\">\n\t\t\t<div class=\"elementor-widget-wrap elementor-element-populated\">\n\t\t\t\t\t\t<div class=\"elementor-element elementor-element-3bdbb4a elementor-widget elementor-widget-text-editor\" data-id=\"3bdbb4a\" data-element_type=\"widget\" data-e-type=\"widget\" data-widget_type=\"text-editor.default\">\n\t\t\t\t<div class=\"elementor-widget-container\">\n\t\t\t\t\t\t\t\t\t<p><strong>STICHTING INCUBATOR<\/strong><br \/>\nAdres\u0103: Turfmarkt 11 Leeuwarden, 8911KS Netherlands<br \/>\nE-mail: i.bos(at)bdfriesland.nl<br \/>\nWebsite: www.inqubator.nl<\/p>\n\t\t\t\t\t\t\t\t<\/div>\n\t\t\t\t<\/div>\n\t\t\t\t\t<\/div>\n\t\t<\/div>\n\t\t\t\t\t<\/div>\n\t\t<\/section>\n\t\t\t\t<section class=\"elementor-section elementor-top-section elementor-element elementor-element-6f4d1d7 elementor-section-boxed elementor-section-height-default elementor-section-height-default\" data-id=\"6f4d1d7\" data-element_type=\"section\" data-e-type=\"section\">\n\t\t\t\t\t\t<div class=\"elementor-container elementor-column-gap-default\">\n\t\t\t\t\t<div class=\"elementor-column elementor-col-50 elementor-top-column elementor-element elementor-element-5a1953a\" data-id=\"5a1953a\" data-element_type=\"column\" data-e-type=\"column\">\n\t\t\t<div class=\"elementor-widget-wrap elementor-element-populated\">\n\t\t\t\t\t\t<div class=\"elementor-element elementor-element-ab07a13 elementor-widget elementor-widget-image\" data-id=\"ab07a13\" data-element_type=\"widget\" data-e-type=\"widget\" data-widget_type=\"image.default\">\n\t\t\t\t<div class=\"elementor-widget-container\">\n\t\t\t\t\t\t\t\t\t\t\t\t\t\t\t<img loading=\"lazy\" decoding=\"async\" width=\"1024\" height=\"1024\" src=\"https:\/\/sagalearningprogramme.eu\/wp-content\/uploads\/2022\/04\/spektrum-logo-en-1024-x-1024-px-1024x1024.png\" class=\"attachment-large size-large wp-image-6516\" alt=\"\" srcset=\"https:\/\/sagalearningprogramme.eu\/wp-content\/uploads\/2022\/04\/spektrum-logo-en-1024-x-1024-px.png 1024w, https:\/\/sagalearningprogramme.eu\/wp-content\/uploads\/2022\/04\/spektrum-logo-en-1024-x-1024-px-300x300.png 300w, https:\/\/sagalearningprogramme.eu\/wp-content\/uploads\/2022\/04\/spektrum-logo-en-1024-x-1024-px-150x150.png 150w, https:\/\/sagalearningprogramme.eu\/wp-content\/uploads\/2022\/04\/spektrum-logo-en-1024-x-1024-px-768x768.png 768w, https:\/\/sagalearningprogramme.eu\/wp-content\/uploads\/2022\/04\/spektrum-logo-en-1024-x-1024-px-12x12.png 12w, https:\/\/sagalearningprogramme.eu\/wp-content\/uploads\/2022\/04\/spektrum-logo-en-1024-x-1024-px-75x75.png 75w, https:\/\/sagalearningprogramme.eu\/wp-content\/uploads\/2022\/04\/spektrum-logo-en-1024-x-1024-px-129x129.png 129w, https:\/\/sagalearningprogramme.eu\/wp-content\/uploads\/2022\/04\/spektrum-logo-en-1024-x-1024-px-69x69.png 69w, https:\/\/sagalearningprogramme.eu\/wp-content\/uploads\/2022\/04\/spektrum-logo-en-1024-x-1024-px-600x600.png 600w, https:\/\/sagalearningprogramme.eu\/wp-content\/uploads\/2022\/04\/spektrum-logo-en-1024-x-1024-px-100x100.png 100w\" sizes=\"(max-width: 1024px) 100vw, 1024px\" \/>\t\t\t\t\t\t\t\t\t\t\t\t\t\t\t<\/div>\n\t\t\t\t<\/div>\n\t\t\t\t\t<\/div>\n\t\t<\/div>\n\t\t\t\t<div class=\"elementor-column elementor-col-50 elementor-top-column elementor-element elementor-element-eba7923\" data-id=\"eba7923\" data-element_type=\"column\" data-e-type=\"column\">\n\t\t\t<div class=\"elementor-widget-wrap elementor-element-populated\">\n\t\t\t\t\t\t<div class=\"elementor-element elementor-element-1ac914b elementor-widget elementor-widget-text-editor\" data-id=\"1ac914b\" data-element_type=\"widget\" data-e-type=\"widget\" data-widget_type=\"text-editor.default\">\n\t\t\t\t<div class=\"elementor-widget-container\">\n\t\t\t\t\t\t\t\t\t<p><strong>Fundatia Centrul Educational Spektrum<\/strong><br \/>\nAdres\u0103: Str. Kossuth Lajos nr. 9. Miercurea Ciuc, 530220 Romania<br \/>\nE-mail: advise(at)sec.ro<br \/>\nWebsite: www.sec.ro<\/p>\n\t\t\t\t\t\t\t\t<\/div>\n\t\t\t\t<\/div>\n\t\t\t\t\t<\/div>\n\t\t<\/div>\n\t\t\t\t\t<\/div>\n\t\t<\/section>\n\t\t\t\t<section class=\"elementor-section elementor-top-section elementor-element elementor-element-a3145d1 elementor-section-boxed elementor-section-height-default elementor-section-height-default\" data-id=\"a3145d1\" data-element_type=\"section\" data-e-type=\"section\">\n\t\t\t\t\t\t<div class=\"elementor-container elementor-column-gap-default\">\n\t\t\t\t\t<div class=\"elementor-column elementor-col-50 elementor-top-column elementor-element elementor-element-dd0a767\" data-id=\"dd0a767\" data-element_type=\"column\" data-e-type=\"column\">\n\t\t\t<div class=\"elementor-widget-wrap elementor-element-populated\">\n\t\t\t\t\t\t<div class=\"elementor-element elementor-element-b1e4db9 elementor-widget elementor-widget-image\" data-id=\"b1e4db9\" data-element_type=\"widget\" data-e-type=\"widget\" data-widget_type=\"image.default\">\n\t\t\t\t<div class=\"elementor-widget-container\">\n\t\t\t\t\t\t\t\t\t\t\t\t\t\t\t<img loading=\"lazy\" decoding=\"async\" width=\"200\" height=\"200\" src=\"https:\/\/sagalearningprogramme.eu\/wp-content\/uploads\/2022\/04\/1519885370524.jpeg\" class=\"attachment-large size-large wp-image-6524\" alt=\"\" srcset=\"https:\/\/sagalearningprogramme.eu\/wp-content\/uploads\/2022\/04\/1519885370524.jpeg 200w, https:\/\/sagalearningprogramme.eu\/wp-content\/uploads\/2022\/04\/1519885370524-150x150.jpeg 150w, https:\/\/sagalearningprogramme.eu\/wp-content\/uploads\/2022\/04\/1519885370524-12x12.jpeg 12w, https:\/\/sagalearningprogramme.eu\/wp-content\/uploads\/2022\/04\/1519885370524-75x75.jpeg 75w, https:\/\/sagalearningprogramme.eu\/wp-content\/uploads\/2022\/04\/1519885370524-129x129.jpeg 129w, https:\/\/sagalearningprogramme.eu\/wp-content\/uploads\/2022\/04\/1519885370524-69x69.jpeg 69w, https:\/\/sagalearningprogramme.eu\/wp-content\/uploads\/2022\/04\/1519885370524-100x100.jpeg 100w\" sizes=\"(max-width: 200px) 100vw, 200px\" \/>\t\t\t\t\t\t\t\t\t\t\t\t\t\t\t<\/div>\n\t\t\t\t<\/div>\n\t\t\t\t\t<\/div>\n\t\t<\/div>\n\t\t\t\t<div class=\"elementor-column elementor-col-50 elementor-top-column elementor-element elementor-element-44da425\" data-id=\"44da425\" data-element_type=\"column\" data-e-type=\"column\">\n\t\t\t<div class=\"elementor-widget-wrap elementor-element-populated\">\n\t\t\t\t\t\t<div class=\"elementor-element elementor-element-5d176d5 elementor-widget elementor-widget-text-editor\" data-id=\"5d176d5\" data-element_type=\"widget\" data-e-type=\"widget\" data-widget_type=\"text-editor.default\">\n\t\t\t\t<div class=\"elementor-widget-container\">\n\t\t\t\t\t\t\t\t\t<p><strong>Kontakt Szervezetfejleszt\u0151 \u00e9s Tan\u00e1csad\u00f3 Kft.<\/strong><br \/>\nAdres\u0103: Zsofia Str 33. Mezokovesd, 3400 Hungary<br \/>\nE-mail: gabriella.marton(at)kontatkmuhely.hu<br \/>\nWebsite: www.kontaktmuhely.hu<\/p>\n\t\t\t\t\t\t\t\t<\/div>\n\t\t\t\t<\/div>\n\t\t\t\t\t<\/div>\n\t\t<\/div>\n\t\t\t\t\t<\/div>\n\t\t<\/section>\n\t\t\t\t<\/div>","protected":false},"excerpt":{"rendered":"<p>Get in touch COORDINATOR: STRIA South-Transdanubian Regional Innovation Agency Location M\u00e1ria str. 3., P\u00e9cs, Hungary, 7621 Contact Us Email : innovacio(at)ddriu.hu Website: www.ddriu.hu Follow Us on Facebook Facebook-f PROJECT PARTNERS: EOLAS S.L. Address: Carretera de Sevilla KM 6 Badajoz, 06080 Spain E-mail: eolas.manon(at)gmail.com Website: www.eolas.es Business Innovation Center Innobridge Address: 3-A Tsar Ferdinand blvd. Ruse, [&hellip;]<\/p>\n","protected":false},"author":1,"featured_media":0,"parent":0,"menu_order":0,"comment_status":"closed","ping_status":"closed","template":"","meta":{"footnotes":""},"class_list":["post-413","page","type-page","status-publish","hentry"],"_links":{"self":[{"href":"https:\/\/sagalearningprogramme.eu\/ro\/wp-json\/wp\/v2\/pages\/413","targetHints":{"allow":["GET"]}}],"collection":[{"href":"https:\/\/sagalearningprogramme.eu\/ro\/wp-json\/wp\/v2\/pages"}],"about":[{"href":"https:\/\/sagalearningprogramme.eu\/ro\/wp-json\/wp\/v2\/types\/page"}],"author":[{"embeddable":true,"href":"https:\/\/sagalearningprogramme.eu\/ro\/wp-json\/wp\/v2\/users\/1"}],"replies":[{"embeddable":true,"href":"https:\/\/sagalearningprogramme.eu\/ro\/wp-json\/wp\/v2\/comments?post=413"}],"version-history":[{"count":126,"href":"https:\/\/sagalearningprogramme.eu\/ro\/wp-json\/wp\/v2\/pages\/413\/revisions"}],"predecessor-version":[{"id":6923,"href":"https:\/\/sagalearningprogramme.eu\/ro\/wp-json\/wp\/v2\/pages\/413\/revisions\/6923"}],"wp:attachment":[{"href":"https:\/\/sagalearningprogramme.eu\/ro\/wp-json\/wp\/v2\/media?parent=413"}],"curies":[{"name":"wp","href":"https:\/\/api.w.org\/{rel}","templated":true}]}}